{"id":345,"date":"2025-07-15T13:20:26","date_gmt":"2025-07-15T11:20:26","guid":{"rendered":"https:\/\/anartist.org\/artista\/birch\/?page_id=345"},"modified":"2025-07-15T13:29:54","modified_gmt":"2025-07-15T11:29:54","slug":"campanya-boycott-spotify","status":"publish","type":"page","link":"https:\/\/anartist.org\/artista\/birch\/campanya-boycott-spotify\/","title":{"rendered":"Campanya: Boycott Spotify"},"content":{"rendered":"\n<p><\/p>\n\n\n\n<p>Companyes, companyis, companys,<\/p>\n\n\n\n<p>Recentment v\u00e8iem amb horror la not\u00edcia que Daniel Ek, el CEO de Spotify, ha invertit 600 milions d&#8217;euros a Helsing, una empresa armament\u00edstica alemana que fabrica tecnologia militar equipada amb intel\u00b7lig\u00e8ncia artificial.<\/p>\n\n\n\n<p>No \u00e9s el primer cop que Spotify regala diners a aquesta empresa: ja ho va fer l&#8217;any 2021, esperonant una gran controv\u00e8rsia entre artistes i usu\u00e0ries arreu del planeta. Ara, enmig d&#8217;una operaci\u00f3 massiva de rearmament d&#8217;Europa i mentre es perpetua el genocidi a Palestina, l&#8217;empresa proclama de nou -de manera poc sorprenent, per\u00f2 no per aix\u00f2 menys indignant- la seva alineaci\u00f3 amb l&#8217;imperialisme occidental i la viol\u00e8ncia estructural.<\/p>\n\n\n\n<p>Ja fa temps que les, lis i els artistes patim les humiliants condicions de Spotify: retribucions miserables a canvi de xapotejar, alienades i atomitzades, a la piscina infinita de l&#8217;streaming. La plataforma ens precaritza mentre es lucra a costa de la nostra m\u00fasica i en regala els beneficis a ind\u00fastries de mort. No nom\u00e9s aix\u00f2: permet la circulaci\u00f3 de m\u00fasica generada amb IA, que ja acumula milions de seguidors, que irromp per saturar encara m\u00e9s un context marcat per una profund\u00edssima crisi d&#8217;atenci\u00f3. M\u00fasica fantasma, produ\u00efda per m\u00e0quines que mai al\u00e7aran la seva veu, que no lluitaran pels seus drets ni per aturar la deriva neofeixista del capitalisme de plataforma.<\/p>\n\n\n\n<p>Aquest missatge \u00e9s una crida a les, lis i els artistes del nostre territori (i, esperem, m\u00e9s enll\u00e0) a sumar-se a les accions de boicot que ja han pres altres artistes a nivell internacional. Som plenament conscients que Spotify ha conquerit una import\u00e0ncia cabdal per a moltes de nosaltres, i que trencar-ne la depend\u00e8ncia \u00e9s una acci\u00f3 arriscada que pot comprometre la nostra carrera. Tanmateix, no podem restar de bra\u00e7os plegats davant del genocidi, davant de la viol\u00e8ncia, davant de la normalitzaci\u00f3 de l&#8217;insuportable. No podem ser-ne c\u00f2mplices. No podem permetre que la m\u00fasica esdevingui una m\u00e0quina de fer diners destinats a finan\u00e7ar guerres. Tal com moltes van al\u00e7ar la veu contra els festivals finan\u00e7ats pel fons d&#8217;inversi\u00f3 israeli\u00e0 KKR, ara cal una resposta col\u00b7lectiva, radical i el m\u00e9s massiva possible.<\/p>\n\n\n\n<figure class=\"wp-block-image aligncenter size-full is-resized\"><img loading=\"lazy\" decoding=\"async\" width=\"500\" height=\"500\" src=\"https:\/\/anartist.org\/artista\/birch\/wp-content\/uploads\/2025\/07\/BOYCOTT-SPOTIFY1.png\" alt=\"\" class=\"wp-image-347\" style=\"width:569px;height:auto\" srcset=\"https:\/\/anartist.org\/artista\/birch\/wp-content\/uploads\/2025\/07\/BOYCOTT-SPOTIFY1.png 500w, https:\/\/anartist.org\/artista\/birch\/wp-content\/uploads\/2025\/07\/BOYCOTT-SPOTIFY1-300x300.png 300w, https:\/\/anartist.org\/artista\/birch\/wp-content\/uploads\/2025\/07\/BOYCOTT-SPOTIFY1-150x150.png 150w\" sizes=\"auto, (max-width: 500px) 100vw, 500px\" \/><\/figure>\n\n\n\n<p>Per aix\u00f2, pretenem convocar una trobada d&#8217;artistes i altres treballadors\/es\/is culturals sensibilitzats\/des\/dis per dissenyar una campanya de boicot a Spotify. Volem generar un espai per valorar propostes, explorar alternatives i pensar quines accions podem prendre com a m\u00fasics, com a segells, com a distribu\u00efdores i altres treballadores del sector.<\/p>\n\n\n\n<p style=\"margin-top:var(--wp--preset--spacing--30);margin-bottom:var(--wp--preset--spacing--30)\">Aquelles persones que estigueu interessades en dissenyar la trobada o que tingueu idees i propostes sobre la q\u00fcesti\u00f3, si us plau, empleneu el formulari. <br><\/p>\n\n\n\n<div class=\"wp-block-buttons is-layout-flex wp-block-buttons-is-layout-flex\">\n<div class=\"wp-block-button has-custom-width wp-block-button__width-100\"><a class=\"wp-block-button__link has-x-large-font-size has-custom-font-size wp-element-button\">Formulari Boycott Spotify<\/a><\/div>\n<\/div>\n\n\n\n<p><\/p>\n\n\n\n<p style=\"margin-top:var(--wp--preset--spacing--40);margin-bottom:var(--wp--preset--spacing--40)\">Sabem b\u00e9 que les bombes que avui cauen sobre Gaza, sobre el L\u00edban, sobre Iran, s\u00f3n bombes que pesen sobre nosaltres i sobre tota la humanitat. La nostra professi\u00f3 ha tingut i t\u00e9 una pot\u00e8ncia indiscutible per al\u00e7ar la veu davant de la brutalitat i la injust\u00edcia. Fem-la servir.<\/p>\n","protected":false},"excerpt":{"rendered":"<p>Companyes, companyis, companys, Recentment v\u00e8iem amb horror la not\u00edcia que Daniel Ek, el CEO de Spotify, ha invertit 600 milions d&#8217;euros a Helsing, una empresa armament\u00edstica alemana que fabrica tecnologia militar equipada amb intel\u00b7lig\u00e8ncia artificial. No \u00e9s el primer cop que Spotify regala diners a aquesta empresa: ja ho va fer l&#8217;any 2021, esperonant una [&hellip;]<\/p>\n","protected":false},"author":1,"featured_media":0,"parent":0,"menu_order":0,"comment_status":"closed","ping_status":"closed","template":"","meta":{"footnotes":""},"class_list":["post-345","page","type-page","status-publish","hentry"],"_links":{"self":[{"href":"https:\/\/anartist.org\/artista\/birch\/wp-json\/wp\/v2\/pages\/345","targetHints":{"allow":["GET"]}}],"collection":[{"href":"https:\/\/anartist.org\/artista\/birch\/wp-json\/wp\/v2\/pages"}],"about":[{"href":"https:\/\/anartist.org\/artista\/birch\/wp-json\/wp\/v2\/types\/page"}],"author":[{"embeddable":true,"href":"https:\/\/anartist.org\/artista\/birch\/wp-json\/wp\/v2\/users\/1"}],"replies":[{"embeddable":true,"href":"https:\/\/anartist.org\/artista\/birch\/wp-json\/wp\/v2\/comments?post=345"}],"version-history":[{"count":6,"href":"https:\/\/anartist.org\/artista\/birch\/wp-json\/wp\/v2\/pages\/345\/revisions"}],"predecessor-version":[{"id":359,"href":"https:\/\/anartist.org\/artista\/birch\/wp-json\/wp\/v2\/pages\/345\/revisions\/359"}],"wp:attachment":[{"href":"https:\/\/anartist.org\/artista\/birch\/wp-json\/wp\/v2\/media?parent=345"}],"curies":[{"name":"wp","href":"https:\/\/api.w.org\/{rel}","templated":true}]}}