{"id":93,"date":"2025-05-30T12:14:10","date_gmt":"2025-05-30T10:14:10","guid":{"rendered":"https:\/\/anartist.org\/artista\/birch\/?page_id=93"},"modified":"2025-05-30T12:41:54","modified_gmt":"2025-05-30T10:41:54","slug":"contacte-2","status":"publish","type":"page","link":"https:\/\/anartist.org\/artista\/birch\/contacte-2\/","title":{"rendered":"Contacte"},"content":{"rendered":"\n<div class=\"wp-block-cover alignfull\" style=\"min-height:196px;aspect-ratio:unset;\"><img loading=\"lazy\" decoding=\"async\" width=\"1024\" height=\"576\" class=\"wp-block-cover__image-background wp-image-72 size-large\" alt=\"\" src=\"https:\/\/anartist.org\/artista\/birch\/wp-content\/uploads\/2025\/05\/Captura-de-pantalla-166-1024x576.png\" data-object-fit=\"cover\" srcset=\"https:\/\/anartist.org\/artista\/birch\/wp-content\/uploads\/2025\/05\/Captura-de-pantalla-166-1024x576.png 1024w, https:\/\/anartist.org\/artista\/birch\/wp-content\/uploads\/2025\/05\/Captura-de-pantalla-166-300x169.png 300w, https:\/\/anartist.org\/artista\/birch\/wp-content\/uploads\/2025\/05\/Captura-de-pantalla-166-768x432.png 768w, https:\/\/anartist.org\/artista\/birch\/wp-content\/uploads\/2025\/05\/Captura-de-pantalla-166-1536x864.png 1536w, https:\/\/anartist.org\/artista\/birch\/wp-content\/uploads\/2025\/05\/Captura-de-pantalla-166.png 1920w\" sizes=\"auto, (max-width: 1024px) 100vw, 1024px\" \/><span aria-hidden=\"true\" class=\"wp-block-cover__background has-base-background-color has-background-dim-40 has-background-dim\"><\/span><div class=\"wp-block-cover__inner-container has-global-padding is-layout-constrained wp-block-cover-is-layout-constrained\">\n<p class=\"has-text-align-center has-large-font-size\"><\/p>\n<\/div><\/div>\n\n\n\n<p class=\"has-large-font-size\"><strong>Contractaci\u00f3 i m\u00e9s informaci\u00f3:<\/strong><\/p>\n\n\n\n<p class=\"has-large-font-size\">birch_artist@proton.me<\/p>\n","protected":false},"excerpt":{"rendered":"<p>Contractaci\u00f3 i m\u00e9s informaci\u00f3: birch_artist@proton.me<\/p>\n","protected":false},"author":1,"featured_media":0,"parent":0,"menu_order":0,"comment_status":"closed","ping_status":"closed","template":"","meta":{"footnotes":""},"class_list":["post-93","page","type-page","status-publish","hentry"],"_links":{"self":[{"href":"https:\/\/anartist.org\/artista\/birch\/wp-json\/wp\/v2\/pages\/93","targetHints":{"allow":["GET"]}}],"collection":[{"href":"https:\/\/anartist.org\/artista\/birch\/wp-json\/wp\/v2\/pages"}],"about":[{"href":"https:\/\/anartist.org\/artista\/birch\/wp-json\/wp\/v2\/types\/page"}],"author":[{"embeddable":true,"href":"https:\/\/anartist.org\/artista\/birch\/wp-json\/wp\/v2\/users\/1"}],"replies":[{"embeddable":true,"href":"https:\/\/anartist.org\/artista\/birch\/wp-json\/wp\/v2\/comments?post=93"}],"version-history":[{"count":2,"href":"https:\/\/anartist.org\/artista\/birch\/wp-json\/wp\/v2\/pages\/93\/revisions"}],"predecessor-version":[{"id":123,"href":"https:\/\/anartist.org\/artista\/birch\/wp-json\/wp\/v2\/pages\/93\/revisions\/123"}],"wp:attachment":[{"href":"https:\/\/anartist.org\/artista\/birch\/wp-json\/wp\/v2\/media?parent=93"}],"curies":[{"name":"wp","href":"https:\/\/api.w.org\/{rel}","templated":true}]}}